{"id":6874,"date":"2024-04-09T07:34:12","date_gmt":"2024-04-09T05:34:12","guid":{"rendered":"https:\/\/ksi-kaelte.de\/university-hospital-grosshadern\/"},"modified":"2024-04-09T15:39:15","modified_gmt":"2024-04-09T13:39:15","slug":"university-hospital-grosshadern","status":"publish","type":"page","link":"https:\/\/ksi-kaelte.de\/en\/university-hospital-grosshadern\/","title":{"rendered":"University Hospital Gro\u00dfhadern"},"content":{"rendered":"\t\t<div data-elementor-type=\"wp-page\" data-elementor-id=\"6874\" class=\"elementor elementor-6874 elementor-6870\" data-elementor-post-type=\"page\">\n\t\t\t\t<div class=\"elementor-element elementor-element-686c1e51 elementor-hidden-tablet elementor-hidden-mobile e-flex e-con-boxed e-con e-parent\" data-id=\"686c1e51\" data-element_type=\"container\" data-e-type=\"container\">\n\t\t\t\t\t<div class=\"e-con-inner\">\n\t\t\t\t<div class=\"elementor-element elementor-element-12ff3478 elementor-widget__width-auto elementor-widget elementor-widget-text-editor\" data-id=\"12ff3478\" data-element_type=\"widget\" data-e-type=\"widget\" data-widget_type=\"text-editor.default\">\n\t\t\t\t\t\t\t\t\t<p><a href=\"https:\/\/ksi-kaelte.de\/en\/\">Home<\/a> \/ <a href=\"https:\/\/ksi-kaelte.de\/en\/references\/\">References<\/a> \/ University Hospital Gro\u00dfhadern<\/p>\n\t\t\t\t\t\t\t\t<\/div>\n\t\t\t\t\t<\/div>\n\t\t\t\t<\/div>\n\t\t<div class=\"elementor-element elementor-element-4ecf5d2e e-flex e-con-boxed e-con e-parent\" data-id=\"4ecf5d2e\" data-element_type=\"container\" data-e-type=\"container\" data-settings=\"{&quot;background_background&quot;:&quot;classic&quot;}\">\n\t\t\t\t\t<div class=\"e-con-inner\">\n\t\t\t\t<div class=\"elementor-element elementor-element-60a66eb0 elementor-widget elementor-widget-heading\" data-id=\"60a66eb0\" data-element_type=\"widget\" data-e-type=\"widget\" data-widget_type=\"heading.default\">\n\t\t\t\t\t<h1 class=\"elementor-heading-title elementor-size-default\">University Hospital Gro\u00dfhadern<\/h1>\t\t\t\t<\/div>\n\t\t\t\t\t<\/div>\n\t\t\t\t<\/div>\n\t\t<div class=\"elementor-element elementor-element-27e67652 pad-b-s e-flex e-con-boxed e-con e-parent\" data-id=\"27e67652\" data-element_type=\"container\" data-e-type=\"container\">\n\t\t\t\t\t<div class=\"e-con-inner\">\n\t\t<div class=\"elementor-element elementor-element-77076e71 e-con-full e-flex e-con e-child\" data-id=\"77076e71\" data-element_type=\"container\" data-e-type=\"container\" data-settings=\"{&quot;background_background&quot;:&quot;classic&quot;}\">\n\t\t\t\t<div class=\"elementor-element elementor-element-79cb616e elementor-widget elementor-widget-elementskit-heading\" data-id=\"79cb616e\" data-element_type=\"widget\" data-e-type=\"widget\" data-widget_type=\"elementskit-heading.default\">\n\t\t\t\t\t<div class=\"ekit-wid-con\" ><div class=\"ekit-heading elementskit-section-title-wraper text_left   ekit_heading_tablet-   ekit_heading_mobile-\"><h3 class=\"ekit-heading--title elementskit-section-title \">PROJECT<\/h3><div class=\"ekit_heading_separetor_wraper ekit_heading_elementskit-border-divider elementskit-style-long\"><div class=\"elementskit-border-divider elementskit-style-long\"><\/div><\/div><\/div><\/div>\t\t\t\t<\/div>\n\t\t\t\t<div class=\"elementor-element elementor-element-2066ff2e elementor-icon-list--layout-traditional elementor-list-item-link-full_width elementor-widget elementor-widget-icon-list\" data-id=\"2066ff2e\" data-element_type=\"widget\" data-e-type=\"widget\" data-widget_type=\"icon-list.default\">\n\t\t\t\t\t\t\t<ul class=\"elementor-icon-list-items\">\n\t\t\t\t\t\t\t<li class=\"elementor-icon-list-item\">\n\t\t\t\t\t\t\t\t\t\t<span class=\"elementor-icon-list-text\">Client : University Hospital Gro\u00dfhadern<\/span>\n\t\t\t\t\t\t\t\t\t<\/li>\n\t\t\t\t\t\t\t\t<li class=\"elementor-icon-list-item\">\n\t\t\t\t\t\t\t\t\t\t<span class=\"elementor-icon-list-text\">Location : Gro\u00dfhadern\/Munich<\/span>\n\t\t\t\t\t\t\t\t\t<\/li>\n\t\t\t\t\t\t\t\t<li class=\"elementor-icon-list-item\">\n\t\t\t\t\t\t\t\t\t\t<span class=\"elementor-icon-list-text\">Year : 2013<\/span>\n\t\t\t\t\t\t\t\t\t<\/li>\n\t\t\t\t\t\t<\/ul>\n\t\t\t\t\t\t<\/div>\n\t\t\t\t<div class=\"elementor-element elementor-element-31eb73a5 elementor-widget elementor-widget-elementskit-heading\" data-id=\"31eb73a5\" data-element_type=\"widget\" data-e-type=\"widget\" data-widget_type=\"elementskit-heading.default\">\n\t\t\t\t\t<div class=\"ekit-wid-con\" ><div class=\"ekit-heading elementskit-section-title-wraper text_left   ekit_heading_tablet-   ekit_heading_mobile-\"><h3 class=\"ekit-heading--title elementskit-section-title \">Process<\/h3><div class=\"ekit_heading_separetor_wraper ekit_heading_elementskit-border-divider elementskit-style-long\"><div class=\"elementskit-border-divider elementskit-style-long\"><\/div><\/div><\/div><\/div>\t\t\t\t<\/div>\n\t\t\t\t<div class=\"elementor-element elementor-element-13c880b1 elementor-widget elementor-widget-elementskit-progressbar\" data-id=\"13c880b1\" data-element_type=\"widget\" data-e-type=\"widget\" data-widget_type=\"elementskit-progressbar.default\">\n\t\t\t\t<div class=\"elementor-widget-container\">\n\t\t\t\t\t<div class=\"ekit-wid-con\" >        <div class=\"waypoint-tigger\">\n            <div class=\"skillbar-group \" data-progress-bar=\"\">\n                <div class=\"single-skill-bar\">\n                                            <div class=\"skill-bar-content\">\n                            <span class=\"skill-title\">Planning<\/span>\n                        <\/div><!-- .skill-bar-content END -->\n                        <div class=\"skill-bar\">\n                            <div class=\"skill-track\">\n                                \n                                <div class=\"number-percentage-wraper\">\n                                    <span class=\"number-percentage\" data-value=\"85\" data-animation-duration=\"3500\">0<\/span>%\n\n                                                                    <\/div>\n                            <\/div>\n                        <\/div><!-- .skill-bar END -->\n                                    <\/div><!-- .single-skill-bar END -->\n            <\/div><!-- .skillbar-group END -->\n        <\/div>\n        <\/div>\t\t\t\t<\/div>\n\t\t\t\t<\/div>\n\t\t\t\t<div class=\"elementor-element elementor-element-d0ca335 elementor-widget elementor-widget-elementskit-progressbar\" data-id=\"d0ca335\" data-element_type=\"widget\" data-e-type=\"widget\" data-widget_type=\"elementskit-progressbar.default\">\n\t\t\t\t<div class=\"elementor-widget-container\">\n\t\t\t\t\t<div class=\"ekit-wid-con\" >        <div class=\"waypoint-tigger\">\n            <div class=\"skillbar-group \" data-progress-bar=\"\">\n                <div class=\"single-skill-bar\">\n                                            <div class=\"skill-bar-content\">\n                            <span class=\"skill-title\">Plant engineering<\/span>\n                        <\/div><!-- .skill-bar-content END -->\n                        <div class=\"skill-bar\">\n                            <div class=\"skill-track\">\n                                \n                                <div class=\"number-percentage-wraper\">\n                                    <span class=\"number-percentage\" data-value=\"60\" data-animation-duration=\"3500\">0<\/span>%\n\n                                                                    <\/div>\n                            <\/div>\n                        <\/div><!-- .skill-bar END -->\n                                    <\/div><!-- .single-skill-bar END -->\n            <\/div><!-- .skillbar-group END -->\n        <\/div>\n        <\/div>\t\t\t\t<\/div>\n\t\t\t\t<\/div>\n\t\t\t\t<div class=\"elementor-element elementor-element-14549d1b elementor-widget elementor-widget-elementskit-progressbar\" data-id=\"14549d1b\" data-element_type=\"widget\" data-e-type=\"widget\" data-widget_type=\"elementskit-progressbar.default\">\n\t\t\t\t<div class=\"elementor-widget-container\">\n\t\t\t\t\t<div class=\"ekit-wid-con\" >        <div class=\"waypoint-tigger\">\n            <div class=\"skillbar-group \" data-progress-bar=\"\">\n                <div class=\"single-skill-bar\">\n                                            <div class=\"skill-bar-content\">\n                            <span class=\"skill-title\">Security of supply<\/span>\n                        <\/div><!-- .skill-bar-content END -->\n                        <div class=\"skill-bar\">\n                            <div class=\"skill-track\">\n                                \n                                <div class=\"number-percentage-wraper\">\n                                    <span class=\"number-percentage\" data-value=\"100\" data-animation-duration=\"3500\">0<\/span>%\n\n                                                                    <\/div>\n                            <\/div>\n                        <\/div><!-- .skill-bar END -->\n                                    <\/div><!-- .single-skill-bar END -->\n            <\/div><!-- .skillbar-group END -->\n        <\/div>\n        <\/div>\t\t\t\t<\/div>\n\t\t\t\t<\/div>\n\t\t\t\t<\/div>\n\t\t<div class=\"elementor-element elementor-element-16c2d65a e-con-full e-flex e-con e-child\" data-id=\"16c2d65a\" data-element_type=\"container\" data-e-type=\"container\">\n\t\t\t\t<div class=\"elementor-element elementor-element-17114d17 elementor-widget elementor-widget-image\" data-id=\"17114d17\" data-element_type=\"widget\" data-e-type=\"widget\" data-widget_type=\"image.default\">\n\t\t\t\t\t\t\t\t\t\t\t\t\t\t\t<img fetchpriority=\"high\" decoding=\"async\" width=\"2048\" height=\"1152\" src=\"https:\/\/ksi-kaelte.de\/wp-content\/uploads\/Titelbild-Uniklinikum-Grosshadern.webp\" class=\"attachment-full size-full wp-image-6894\" alt=\"\" srcset=\"https:\/\/ksi-kaelte.de\/wp-content\/uploads\/Titelbild-Uniklinikum-Grosshadern.webp 2048w, https:\/\/ksi-kaelte.de\/wp-content\/uploads\/Titelbild-Uniklinikum-Grosshadern-768x432.webp 768w, https:\/\/ksi-kaelte.de\/wp-content\/uploads\/Titelbild-Uniklinikum-Grosshadern-1536x864.webp 1536w\" sizes=\"(max-width: 2048px) 100vw, 2048px\">\t\t\t\t\t\t\t\t\t\t\t\t\t\t\t<\/div>\n\t\t\t\t<div class=\"elementor-element elementor-element-1f603168 elementor-widget elementor-widget-heading\" data-id=\"1f603168\" data-element_type=\"widget\" data-e-type=\"widget\" data-widget_type=\"heading.default\">\n\t\t\t\t\t<h2 class=\"elementor-heading-title elementor-size-default\">Project description<\/h2>\t\t\t\t<\/div>\n\t\t\t\t<div class=\"elementor-element elementor-element-1c7bfa55 elementor-widget elementor-widget-text-editor\" data-id=\"1c7bfa55\" data-element_type=\"widget\" data-e-type=\"widget\" data-widget_type=\"text-editor.default\">\n\t\t\t\t\t\t\t\t\t<div class=\"x11i5rnm xat24cr x1mh8g0r x1vvkbs xtlvy1s x126k92a\"> <\/div>\n<div class=\"x11i5rnm xat24cr x1mh8g0r x1vvkbs xtlvy1s x126k92a\">\n<p class=\"my-0.5\" style=\"border: 0px solid #dfdfe0; --tw-border-spacing-x: 0; --tw-border-spacing-y: 0; --tw-translate-x: 0; --tw-translate-y: 0; --tw-rotate: 0; --tw-skew-x: 0; --tw-skew-y: 0; --tw-scale-x: 1; --tw-scale-y: 1; --tw-scroll-snap-strictness: proximity; --tw-ring-offset-width: 0px; --tw-ring-offset-color: #fff; --tw-ring-color: rgba(59,130,246,0.5); --tw-ring-offset-shadow: 0 0 #0000; --tw-ring-shadow: 0 0 #0000; --tw-shadow: 0 0 #0000; --tw-shadow-colored: 0 0 #0000; margin: 0.125rem 0px; caret-color: #000000; color: #000000; font-family: Diatype, ui-sans-serif, system-ui, -apple-system, BlinkMacSystemFont, 'Segoe UI', Roboto, 'Helvetica Neue', Arial, 'Noto Sans', sans-serif, 'Apple Color Emoji', 'Segoe UI Emoji', 'Segoe UI Symbol', 'Noto Color Emoji'; font-size: 14px; text-align: left; white-space-collapse: preserve;\">In 2013, we carried out a pioneering project at the University Hospital Gro\u00dfhadern, which involved the installation of a specialized refrigeration system. This facility is crucial for the production of radioactively charged drugs, which play a particularly important role in cancer diagnostics within human medicine.<\/p>\n<p><span style=\"caret-color: #000000; color: #000000; font-family: Diatype, ui-sans-serif, system-ui, -apple-system, BlinkMacSystemFont, 'Segoe UI', Roboto, 'Helvetica Neue', Arial, 'Noto Sans', sans-serif, 'Apple Color Emoji', 'Segoe UI Emoji', 'Segoe UI Symbol', 'Noto Color Emoji'; font-size: 14px; text-align: left; white-space-collapse: preserve;\"> <\/span><\/p>\n<p class=\"my-0.5\" style=\"border: 0px solid #dfdfe0; --tw-border-spacing-x: 0; --tw-border-spacing-y: 0; --tw-translate-x: 0; --tw-translate-y: 0; --tw-rotate: 0; --tw-skew-x: 0; --tw-skew-y: 0; --tw-scale-x: 1; --tw-scale-y: 1; --tw-scroll-snap-strictness: proximity; --tw-ring-offset-width: 0px; --tw-ring-offset-color: #fff; --tw-ring-color: rgba(59,130,246,0.5); --tw-ring-offset-shadow: 0 0 #0000; --tw-ring-shadow: 0 0 #0000; --tw-shadow: 0 0 #0000; --tw-shadow-colored: 0 0 #0000; margin: 0.125rem 0px; caret-color: #000000; color: #000000; font-family: Diatype, ui-sans-serif, system-ui, -apple-system, BlinkMacSystemFont, 'Segoe UI', Roboto, 'Helvetica Neue', Arial, 'Noto Sans', sans-serif, 'Apple Color Emoji', 'Segoe UI Emoji', 'Segoe UI Symbol', 'Noto Color Emoji'; font-size: 14px; text-align: left; white-space-collapse: preserve;\"><span class=\"font-heavy\" style=\"border: 0px solid #dfdfe0; --tw-border-spacing-x: 0; --tw-border-spacing-y: 0; --tw-translate-x: 0; --tw-translate-y: 0; --tw-rotate: 0; --tw-skew-x: 0; --tw-skew-y: 0; --tw-scale-x: 1; --tw-scale-y: 1; --tw-scroll-snap-strictness: proximity; --tw-ring-offset-width: 0px; --tw-ring-offset-color: #fff; --tw-ring-color: rgba(59,130,246,0.5); --tw-ring-offset-shadow: 0 0 #0000; --tw-ring-shadow: 0 0 #0000; --tw-shadow: 0 0 #0000; --tw-shadow-colored: 0 0 #0000; font-weight: bold;\">Technical features and operation<\/span><br \/>The refrigeration system was designed with a redundant system to ensure continuous cooling of the equipment required for the production of medicines. Due to the limited space available at the installation site, we operate the system with a classic refrigerant R-410A. This enables efficient and reliable cooling performance under the given circumstances.<\/p>\n<p><span style=\"caret-color: #000000; color: #000000; font-family: Diatype, ui-sans-serif, system-ui, -apple-system, BlinkMacSystemFont, 'Segoe UI', Roboto, 'Helvetica Neue', Arial, 'Noto Sans', sans-serif, 'Apple Color Emoji', 'Segoe UI Emoji', 'Segoe UI Symbol', 'Noto Color Emoji'; font-size: 14px; text-align: left; white-space-collapse: preserve;\"> <\/span><\/p>\n<p class=\"my-0.5\" style=\"border: 0px solid #dfdfe0; --tw-border-spacing-x: 0; --tw-border-spacing-y: 0; --tw-translate-x: 0; --tw-translate-y: 0; --tw-rotate: 0; --tw-skew-x: 0; --tw-skew-y: 0; --tw-scale-x: 1; --tw-scale-y: 1; --tw-scroll-snap-strictness: proximity; --tw-ring-offset-width: 0px; --tw-ring-offset-color: #fff; --tw-ring-color: rgba(59,130,246,0.5); --tw-ring-offset-shadow: 0 0 #0000; --tw-ring-shadow: 0 0 #0000; --tw-shadow: 0 0 #0000; --tw-shadow-colored: 0 0 #0000; margin: 0.125rem 0px; caret-color: #000000; color: #000000; font-family: Diatype, ui-sans-serif, system-ui, -apple-system, BlinkMacSystemFont, 'Segoe UI', Roboto, 'Helvetica Neue', Arial, 'Noto Sans', sans-serif, 'Apple Color Emoji', 'Segoe UI Emoji', 'Segoe UI Symbol', 'Noto Color Emoji'; font-size: 14px; text-align: left; white-space-collapse: preserve;\">Our refrigeration system has two redundant cold water pump systems, which are aligned to a buffer tank, and offers a cooling capacity of 330 KW and a heating capacity of 80 KW per machine. The ventilation units, which are also part of the system, supply the laboratories with the necessary fresh air. The system is also equipped with a fault reserve connection, which is provided directly by the hospital.<\/p>\n<p class=\"my-0.5\" style=\"border: 0px solid #dfdfe0; --tw-border-spacing-x: 0; --tw-border-spacing-y: 0; --tw-translate-x: 0; --tw-translate-y: 0; --tw-rotate: 0; --tw-skew-x: 0; --tw-skew-y: 0; --tw-scale-x: 1; --tw-scale-y: 1; --tw-scroll-snap-strictness: proximity; --tw-ring-offset-width: 0px; --tw-ring-offset-color: #fff; --tw-ring-color: rgba(59,130,246,0.5); --tw-ring-offset-shadow: 0 0 #0000; --tw-ring-shadow: 0 0 #0000; --tw-shadow: 0 0 #0000; --tw-shadow-colored: 0 0 #0000; margin: 0.125rem 0px; caret-color: #000000; color: #000000; font-family: Diatype, ui-sans-serif, system-ui, -apple-system, BlinkMacSystemFont, 'Segoe UI', Roboto, 'Helvetica Neue', Arial, 'Noto Sans', sans-serif, 'Apple Color Emoji', 'Segoe UI Emoji', 'Segoe UI Symbol', 'Noto Color Emoji'; font-size: 14px; text-align: left; white-space-collapse: preserve;\"><span class=\"font-heavy\" style=\"border: 0px solid #dfdfe0; --tw-border-spacing-x: 0; --tw-border-spacing-y: 0; --tw-translate-x: 0; --tw-translate-y: 0; --tw-rotate: 0; --tw-skew-x: 0; --tw-skew-y: 0; --tw-scale-x: 1; --tw-scale-y: 1; --tw-scroll-snap-strictness: proximity; --tw-ring-offset-width: 0px; --tw-ring-offset-color: #fff; --tw-ring-color: rgba(59,130,246,0.5); --tw-ring-offset-shadow: 0 0 #0000; --tw-ring-shadow: 0 0 #0000; --tw-shadow: 0 0 #0000; --tw-shadow-colored: 0 0 #0000; font-weight: bold;\">Challenges and solutions<\/span><br \/>One of the biggest challenges in implementing this project was the structural conditions at the university hospital. The need to dismantle existing structures followed by careful reassembly required precise planning and execution. Despite these difficulties, we were able to successfully complete the installation without disrupting operations or compromising security.<\/p>\n<p><span style=\"caret-color: #000000; color: #000000; font-family: Diatype, ui-sans-serif, system-ui, -apple-system, BlinkMacSystemFont, 'Segoe UI', Roboto, 'Helvetica Neue', Arial, 'Noto Sans', sans-serif, 'Apple Color Emoji', 'Segoe UI Emoji', 'Segoe UI Symbol', 'Noto Color Emoji'; font-size: 14px; text-align: left; white-space-collapse: preserve;\"> <\/span><\/p>\n<p class=\"my-0.5\" style=\"border: 0px solid #dfdfe0; --tw-border-spacing-x: 0; --tw-border-spacing-y: 0; --tw-translate-x: 0; --tw-translate-y: 0; --tw-rotate: 0; --tw-skew-x: 0; --tw-skew-y: 0; --tw-scale-x: 1; --tw-scale-y: 1; --tw-scroll-snap-strictness: proximity; --tw-ring-offset-width: 0px; --tw-ring-offset-color: #fff; --tw-ring-color: rgba(59,130,246,0.5); --tw-ring-offset-shadow: 0 0 #0000; --tw-ring-shadow: 0 0 #0000; --tw-shadow: 0 0 #0000; --tw-shadow-colored: 0 0 #0000; margin: 0.125rem 0px; caret-color: #000000; color: #000000; font-family: Diatype, ui-sans-serif, system-ui, -apple-system, BlinkMacSystemFont, 'Segoe UI', Roboto, 'Helvetica Neue', Arial, 'Noto Sans', sans-serif, 'Apple Color Emoji', 'Segoe UI Emoji', 'Segoe UI Symbol', 'Noto Color Emoji'; font-size: 14px; text-align: left; white-space-collapse: preserve;\"><span class=\"font-heavy\" style=\"border: 0px solid #dfdfe0; --tw-border-spacing-x: 0; --tw-border-spacing-y: 0; --tw-translate-x: 0; --tw-translate-y: 0; --tw-rotate: 0; --tw-skew-x: 0; --tw-skew-y: 0; --tw-scale-x: 1; --tw-scale-y: 1; --tw-scroll-snap-strictness: proximity; --tw-ring-offset-width: 0px; --tw-ring-offset-color: #fff; --tw-ring-color: rgba(59,130,246,0.5); --tw-ring-offset-shadow: 0 0 #0000; --tw-ring-shadow: 0 0 #0000; --tw-shadow: 0 0 #0000; --tw-shadow-colored: 0 0 #0000; font-weight: bold;\">Maintenance and operational success<\/span> <\/p>\n<div dir=\"auto\"><span style=\"color: #000000; font-family: Diatype, ui-sans-serif, system-ui, -apple-system, BlinkMacSystemFont, 'Segoe UI', Roboto, 'Helvetica Neue', Arial, 'Noto Sans', sans-serif, 'Apple Color Emoji', 'Segoe UI Emoji', 'Segoe UI Symbol', 'Noto Color Emoji'; font-size: 14px; text-align: left; caret-color: #000000; white-space-collapse: preserve;\">Since commissioning, the refrigeration system has been in operation around the clock and has worked without interruption ever since. This success is based on a strict maintenance routine, which we carry out regularly to keep the system in optimum condition.<\/span> <\/div>\n<div dir=\"auto\"> <\/div>\n<\/div>\n<div dir=\"auto\"> <\/div>\n<div dir=\"auto\"><strong>About LMU Gro\u00dfhadern<\/strong><\/div>\n<div dir=\"auto\"> <\/div>\n<div dir=\"auto\">The Gro\u00dfhadern Clinic, also known as the Gro\u00dfhadern Campus of the Munich University Hospital, is a central medical complex in Munich with 1210 beds. It is part of the Ludwig-Maximilians-Universit\u00e4t M\u00fcnchen (LMU) and, together with the institutes and faculties in the surrounding area, forms the largest hospital complex in Munich.  <\/div>\n<div dir=\"auto\"> <\/div>\n<div dir=\"auto\">The Radiopharmacy Center of the Clinic and Polyclinic for Nuclear Medicine of the LMU in Gro\u00dfhadern offers the possibility to produce radioactive drugs according to the GMP standard (Good Manufacturing Practice) in accordance with the current radiation protection and drug guidelines.<\/div>\n<div dir=\"auto\"> <\/div>\n<div dir=\"auto\">\n<p>The radiopharmacy building built in 2013 with its own cyclotron and in-house pharmaceutical production is the basis for providing biomarkers for diagnostics and radiotherapeutics for patient-individualized therapy as required and in the highest quality.<\/p>\n<p>This ensures the highest possible level of patient care. The Radiopharmacy Center offers the best conditions for conducting clinical studies as well as preclinical and basic radiopharmaceutical research.<\/p>\n<\/div>\n\t\t\t\t\t\t\t\t<\/div>\n\t\t\t\t<div class=\"elementor-element elementor-element-66956494 elementor-widget elementor-widget-video\" data-id=\"66956494\" data-element_type=\"widget\" data-e-type=\"widget\" data-settings=\"{&quot;youtube_url&quot;:&quot;https:\\\/\\\/youtu.be\\\/usjxzg_3IjI&quot;,&quot;lazy_load&quot;:&quot;yes&quot;,&quot;video_type&quot;:&quot;youtube&quot;}\" data-widget_type=\"video.default\">\n\t\t\t\t\t\t\t<div class=\"elementor-wrapper elementor-open-inline\">\n\t\t\t<div class=\"elementor-video\"><\/div>\t\t<\/div>\n\t\t\t\t\t\t<\/div>\n\t\t\t\t<div class=\"elementor-element elementor-element-1f46d3f0 elementor-widget elementor-widget-heading\" data-id=\"1f46d3f0\" data-element_type=\"widget\" data-e-type=\"widget\" data-widget_type=\"heading.default\">\n\t\t\t\t\t<h2 class=\"elementor-heading-title elementor-size-default\">Pictures<\/h2>\t\t\t\t<\/div>\n\t\t\t\t<div class=\"elementor-element elementor-element-14849576 gallery-spacing-custom elementor-widget elementor-widget-image-gallery\" data-id=\"14849576\" data-element_type=\"widget\" data-e-type=\"widget\" data-widget_type=\"image-gallery.default\">\n\t\t\t\t\t\t\t<div class=\"elementor-image-gallery\">\n\t\t\t<div id='gallery-1' class='gallery galleryid-6874 gallery-columns-3 gallery-size-full'><figure class='gallery-item'>\n\t\t\t<div class='gallery-icon landscape'>\n\t\t\t\t<a data-elementor-open-lightbox=\"yes\" data-elementor-lightbox-slideshow=\"14849576\" data-e-action-hash=\"#elementor-action%3Aaction%3Dlightbox%26settings%3DeyJpZCI6NjkwMywidXJsIjoiaHR0cHM6XC9cL2tzaS1rYWVsdGUuZGVcL3dwLWNvbnRlbnRcL3VwbG9hZHNcL1VuaWtsaW5pa3VtLUdyb3NzaGFkZXJuMS53ZWJwIiwic2xpZGVzaG93IjoiMTQ4NDk1NzYifQ%3D%3D\" href='https:\/\/ksi-kaelte.de\/wp-content\/uploads\/Uniklinikum-Grosshadern1.webp'><img decoding=\"async\" width=\"1600\" height=\"1200\" src=\"https:\/\/ksi-kaelte.de\/wp-content\/uploads\/Uniklinikum-Grosshadern1.webp\" class=\"attachment-full size-full\" alt=\"\" srcset=\"https:\/\/ksi-kaelte.de\/wp-content\/uploads\/Uniklinikum-Grosshadern1.webp 1600w, https:\/\/ksi-kaelte.de\/wp-content\/uploads\/Uniklinikum-Grosshadern1-768x576.webp 768w, https:\/\/ksi-kaelte.de\/wp-content\/uploads\/Uniklinikum-Grosshadern1-1536x1152.webp 1536w\" sizes=\"(max-width: 1600px) 100vw, 1600px\"><\/a>\n\t\t\t<\/div><\/figure>\n\t\t<\/div>\n\t\t<\/div>\n\t\t\t\t\t\t<\/div>\n\t\t\t\t<\/div>\n\t\t\t\t\t<\/div>\n\t\t\t\t<\/div>\n\t\t\t\t<\/div>\n\t\t","protected":false},"excerpt":{"rendered":"<p>Home \/ References \/ University Hospital Gro\u00dfhadern University Hospital Gro\u00dfhadern PROJECT Client : University Hospital Gro\u00dfhadern Location : Gro\u00dfhadern\/Munich Year : 2013 Process Planning 0% Plant engineering 0% Security of supply 0% Project description In 2013, we carried out a pioneering project at the University Hospital Gro\u00dfhadern, which involved the installation of a specialized refrigeration [&hellip;]<\/p>\n","protected":false},"author":1,"featured_media":0,"parent":0,"menu_order":0,"comment_status":"closed","ping_status":"closed","template":"","meta":{"footnotes":""},"hf_cat_page":[54],"class_list":["post-6874","page","type-page","status-publish","hentry"],"_links":{"self":[{"href":"https:\/\/ksi-kaelte.de\/en\/wp-json\/wp\/v2\/pages\/6874","targetHints":{"allow":["GET"]}}],"collection":[{"href":"https:\/\/ksi-kaelte.de\/en\/wp-json\/wp\/v2\/pages"}],"about":[{"href":"https:\/\/ksi-kaelte.de\/en\/wp-json\/wp\/v2\/types\/page"}],"author":[{"embeddable":true,"href":"https:\/\/ksi-kaelte.de\/en\/wp-json\/wp\/v2\/users\/1"}],"replies":[{"embeddable":true,"href":"https:\/\/ksi-kaelte.de\/en\/wp-json\/wp\/v2\/comments?post=6874"}],"version-history":[{"count":0,"href":"https:\/\/ksi-kaelte.de\/en\/wp-json\/wp\/v2\/pages\/6874\/revisions"}],"wp:attachment":[{"href":"https:\/\/ksi-kaelte.de\/en\/wp-json\/wp\/v2\/media?parent=6874"}],"wp:term":[{"taxonomy":"hf_cat_page","embeddable":true,"href":"https:\/\/ksi-kaelte.de\/en\/wp-json\/wp\/v2\/hf_cat_page?post=6874"}],"curies":[{"name":"wp","href":"https:\/\/api.w.org\/{rel}","templated":true}]}}